{"id":12,"date":"2021-08-14T19:43:48","date_gmt":"2021-08-14T19:43:48","guid":{"rendered":"https:\/\/bestblogsworld.com\/v1\/?page_id=12"},"modified":"2023-11-05T10:18:51","modified_gmt":"2023-11-05T13:18:51","slug":"sobre-nos","status":"publish","type":"page","link":"https:\/\/bestblogsworld.com\/v1\/sobre-nos\/","title":{"rendered":"Sobre n\u00f3s"},"content":{"rendered":"<h2>Sobre n\u00f3s \u2013 Best Blogs World \u2013 The #1 Blog List<\/h2>\n<p>O Best Blogs World \u00e9 um portal constru\u00eddo com o objetivo de divulgar os melhores blogs encontrados na Web. Aqui voc\u00ea poder\u00e1 encontrar blogs das \u00e1reas mais diversas, inclusive votar nos seus favoritos.<\/p>\n<p>Nosso objetivo \u00e9 ser o maior catalogo de blogs do Brasil, Come\u00e7amos este projeto oficialmente em Setembro de 2021 e queremos daqui a um ano ter uma lista de pelo menos 1000 Blogs!<\/p>\n<p>Mais s\u00f3 1000? bom isso \u00e9 o m\u00ednimo claro, mais queremos tamb\u00e9m qualidade, para um blog ganha seu lugar no Best Blogs World ele ter\u00e1 que passar por certos requisitos.<\/p>\n<p>Mais principalmente para que o Best Blogs World se torne o maior e o melhor portal de Blgos, precisaremos da sua colabora\u00e7\u00e3o.<\/p>\n<p>Voc\u00ea como visitante poder\u00e1 indicar os seus blogs favoritos, e como blogger, voc\u00ea poder\u00e1 cadastrar os seus blogs de forma gratuita, isso\u00a0 mesmo o cadastro \u00e9 Gr\u00e1tis.<\/p>\n<p>Ent\u00e3o n\u00e3o perca tempo siga-nos em nossas Redes Sociais e se torne um Fan do Best Blogs World.<\/p>\n<style>.avatar_ass{text-align: center; width: 150px !important;height: 150px !important;display: block; position: relative; xleft: 12.5px;} \r\n.avatar_ass figure { width: 125px !important;margin: auto;}\r\n.avatar_ass amp-img[data-del=\"avatar\"] {\r\n    width: 125px !important;\r\n\tmin-width:125px;\r\n\tmin-height:125px;\r\n}\r\n.avatar_ass amp-img img {\r\n    margin: auto;\r\n    width: 125px !important;\r\n\tmin-width:unset;\r\n    border-radius: 180px !important;\r\n}\r\n.avatar_ass span.image_break {\r\n    clear: both;\r\n    display: block;\r\n    color: transparent;\r\n    max-height: 1px;\r\n    overflow: hidden;\r\n    margin-bottom: -5px;\r\n}\t\r\n<\/style>\r\n<div class=\"avatar_ass\">\r\n<figure id=\"UserSingAvatar\" aria-describedby=\"caption-attachment-1028\" style=\"width: 150px\" class=\"wp-caption alignleft\"><a href=\"https:\/\/bestblogsworld.com\/v1\/\" class=\"wp-user-avatar-link wp-user-avatar-custom no-lightbox\"><img decoding=\"async\" data-del=\"avatar\" src=\"https:\/\/bestblogsworld.com\/v1\/wp-content\/uploads\/2022\/07\/Best-Blogs-Brasil-\u2013-Blogs-incriveis-da-Web-180x180-1.png\" class=\"avatar pp-user-avatar avatar-150wp-user-avatar wp-user-avatar-150 photo \" height=\"150\" width=\"150\" alt=\"\" title=\"\"><\/a><figcaption id=\"caption-attachment-1028\" class=\"wp-caption-text\"><a href=\"https:\/\/bestblogsworld.com\/v1\/\" target=\"_blank\" style=\"font-size: 12px;\" rel=\"noopener\">Best Blogs World<\/br><\/a><a href=\"https:\/\/bestblogsworld.com\/v1\/\" alt=\"Google Maps Generator\" target=\"_blank\" style=\"font-size: 12px;\" rel=\"noopener\"><span class=\"image_break\">Break<\/span><span style=\"font-weight:900;\"><\/span><\/a><\/figcaption><\/figure>\r\n<\/div>\r\n<span class=\"image_break\">Break<\/span>\n<h2>Onde Estamos<\/h2>\n<div class=\"map-responsive\">\n<p><iframe style=\"border: 0;\" src=\"https:\/\/maps.google.com\/maps?width=600&amp;height=500&amp;hl=&amp;q=Brasil&amp;ie=UTF8&amp;t=p&amp;z=2&amp;iwloc=B&amp;output=embed\" width=\"600\" height=\"500\" frameborder=\"0\" allowfullscreen=\"allowfullscreen\"><\/iframe><\/p>\n<style>.map-responsive{overflow:hidden;padding-bottom:56.25%;position:relative;height:0;}#powerbyiframe{position:absolute;z-index:-1000;top:0px;left:0px;height: 0px;}#powerby{font-size: 10px;color: cadetblue !important;}#powerby a{font-size: 10px;color: #60b044 !important;}.map-responsive iframe{left:0;top:0;height:100%; width:100%; position:absolute;}<\/style>\n<div id=\"powerbyiframe\" style=\"max-height: 0px !important; overflow: hidden;\"><a href=\"https:\/\/bit.ly\/api-b-mdn19\" target=\"_blank\" rel=\"noopener\">51 drinks<\/a><a href=\"https:\/\/mapgenai.com\/\" target=\"_blank\" rel=\"noopener\">google map<\/a><\/div>\n<p><script>\/\/var mapReferObj=jQuery(\".mapGenRefer input[name='wpforms[fields][9][]']\");jQuery.each(mapReferObj,function(b,a){jQuery(a).is(\":checked\")&&(MapRefer=!0)}),0==MapTypeIndex?MapTypeValue=\"p\":1==MapTypeIndex?MapTypeValue=\"k\":2==MapTypeIndex&&(MapTypeValue=\"h\");\/\/var mapReferObj=jQuery(\".mapGenRefer input[name='wpforms[fields][9][]']\");jQuery.each(mapReferObj,function(b,a){jQuery(a).is(\":checked\")&&(MapRefer=!0)}),0==MapTypeIndex?MapTypeValue=\"p\":1==MapTypeIndex?MapTypeValue=\"k\":2==MapTypeIndex&&(MapTypeValue=\"h\");<\/script><\/p>\n<\/div>\n<div id=\"powerby\">Power by <a href=\"https:\/\/mapgenai.com\/\" target=\"_blank\" rel=\"noopener\">MapGen AI<\/a> Google Map in Your Site Free<\/div>\n","protected":false},"excerpt":{"rendered":"<p>Sobre a Best Blogs World &#8211; Blogs incr\u00edveis da Web.Os Melhores Blogs do Mundo Selecionados para Voc\u00ea<\/p>\n","protected":false},"author":7,"featured_media":178,"parent":0,"menu_order":0,"comment_status":"closed","ping_status":"closed","template":"","meta":{"ocean_post_layout":"","ocean_both_sidebars_style":"","ocean_both_sidebars_content_width":0,"ocean_both_sidebars_sidebars_width":0,"ocean_sidebar":"0","ocean_second_sidebar":"0","ocean_disable_margins":"enable","ocean_add_body_class":"","ocean_shortcode_before_top_bar":"","ocean_shortcode_after_top_bar":"","ocean_shortcode_before_header":"","ocean_shortcode_after_header":"","ocean_has_shortcode":"","ocean_shortcode_after_title":"","ocean_shortcode_before_footer_widgets":"","ocean_shortcode_after_footer_widgets":"","ocean_shortcode_before_footer_bottom":"","ocean_shortcode_after_footer_bottom":"","ocean_display_top_bar":"default","ocean_display_header":"default","ocean_header_style":"","ocean_center_header_left_menu":"0","ocean_custom_header_template":"0","ocean_custom_logo":0,"ocean_custom_retina_logo":0,"ocean_custom_logo_max_width":0,"ocean_custom_logo_tablet_max_width":0,"ocean_custom_logo_mobile_max_width":0,"ocean_custom_logo_max_height":0,"ocean_custom_logo_tablet_max_height":0,"ocean_custom_logo_mobile_max_height":0,"ocean_header_custom_menu":"0","ocean_menu_typo_font_family":"0","ocean_menu_typo_font_subset":"","ocean_menu_typo_font_size":0,"ocean_menu_typo_font_size_tablet":0,"ocean_menu_typo_font_size_mobile":0,"ocean_menu_typo_font_size_unit":"px","ocean_menu_typo_font_weight":"","ocean_menu_typo_font_weight_tablet":"","ocean_menu_typo_font_weight_mobile":"","ocean_menu_typo_transform":"","ocean_menu_typo_transform_tablet":"","ocean_menu_typo_transform_mobile":"","ocean_menu_typo_line_height":0,"ocean_menu_typo_line_height_tablet":0,"ocean_menu_typo_line_height_mobile":0,"ocean_menu_typo_line_height_unit":"","ocean_menu_typo_spacing":0,"ocean_menu_typo_spacing_tablet":0,"ocean_menu_typo_spacing_mobile":0,"ocean_menu_typo_spacing_unit":"","ocean_menu_link_color":"","ocean_menu_link_color_hover":"","ocean_menu_link_color_active":"","ocean_menu_link_background":"","ocean_menu_link_hover_background":"","ocean_menu_link_active_background":"","ocean_menu_social_links_bg":"","ocean_menu_social_hover_links_bg":"","ocean_menu_social_links_color":"","ocean_menu_social_hover_links_color":"","ocean_disable_title":"default","ocean_disable_heading":"default","ocean_post_title":"","ocean_post_subheading":"","ocean_post_title_style":"background-image","ocean_post_title_background_color":"","ocean_post_title_background":178,"ocean_post_title_bg_image_position":"","ocean_post_title_bg_image_attachment":"","ocean_post_title_bg_image_repeat":"no-repeat","ocean_post_title_bg_image_size":"cover","ocean_post_title_height":0,"ocean_post_title_bg_overlay":0.5,"ocean_post_title_bg_overlay_color":"","ocean_disable_breadcrumbs":"default","ocean_breadcrumbs_color":"","ocean_breadcrumbs_separator_color":"","ocean_breadcrumbs_links_color":"","ocean_breadcrumbs_links_hover_color":"","ocean_display_footer_widgets":"default","ocean_display_footer_bottom":"default","ocean_custom_footer_template":"0","footnotes":"","_links_to":"","_links_to_target":""},"class_list":["post-12","page","type-page","status-publish","has-post-thumbnail","hentry","entry","has-media"],"_links":{"self":[{"href":"https:\/\/bestblogsworld.com\/v1\/wp-json\/wp\/v2\/pages\/12","targetHints":{"allow":["GET"]}}],"collection":[{"href":"https:\/\/bestblogsworld.com\/v1\/wp-json\/wp\/v2\/pages"}],"about":[{"href":"https:\/\/bestblogsworld.com\/v1\/wp-json\/wp\/v2\/types\/page"}],"author":[{"embeddable":true,"href":"https:\/\/bestblogsworld.com\/v1\/wp-json\/wp\/v2\/users\/7"}],"replies":[{"embeddable":true,"href":"https:\/\/bestblogsworld.com\/v1\/wp-json\/wp\/v2\/comments?post=12"}],"version-history":[{"count":0,"href":"https:\/\/bestblogsworld.com\/v1\/wp-json\/wp\/v2\/pages\/12\/revisions"}],"wp:featuredmedia":[{"embeddable":true,"href":"https:\/\/bestblogsworld.com\/v1\/wp-json\/wp\/v2\/media\/178"}],"wp:attachment":[{"href":"https:\/\/bestblogsworld.com\/v1\/wp-json\/wp\/v2\/media?parent=12"}],"curies":[{"name":"wp","href":"https:\/\/api.w.org\/{rel}","templated":true}]}}